{"id":25886,"date":"2021-11-26T11:17:03","date_gmt":"2021-11-26T10:17:03","guid":{"rendered":"https:\/\/kulturquartier.leoben.at\/library\/click-collect\/"},"modified":"2025-04-30T12:05:17","modified_gmt":"2025-04-30T10:05:17","slug":"click-collect","status":"publish","type":"page","link":"https:\/\/kulturquartier.leoben.at\/en\/library\/click-collect\/","title":{"rendered":"&#8220;Click &amp; Collect\u201d-Service"},"content":{"rendered":"","protected":false},"excerpt":{"rendered":"","protected":false},"author":2,"featured_media":0,"parent":24980,"menu_order":1,"comment_status":"closed","ping_status":"closed","template":"","meta":{"_acf_changed":false,"footnotes":""},"class_list":["post-25886","page","type-page","status-publish","hentry"],"acf":[],"yoast_head":"<!-- This site is optimized with the Yoast SEO plugin v27.2 - https:\/\/yoast.com\/product\/yoast-seo-wordpress\/ -->\n<title>&quot;Click &amp; Collect\u201d-Service - Kulturquartier<\/title>\n<meta name=\"description\" content=\"Service der Bibliothek Leoben: Nutzen Sie die M\u00f6glichkeit, B\u00fccher und Spiele kontaktlos in der B\u00fccherei Leoben abzuholen.\" \/>\n<meta name=\"robots\" content=\"index, follow, max-snippet:-1, max-image-preview:large, max-video-preview:-1\" \/>\n<link rel=\"canonical\" href=\"https:\/\/kulturquartier.leoben.at\/en\/library\/click-collect\/\" \/>\n<meta property=\"og:locale\" content=\"en_US\" \/>\n<meta property=\"og:type\" content=\"article\" \/>\n<meta property=\"og:title\" content=\"&quot;Click &amp; Collect\u201d-Service - Kulturquartier\" \/>\n<meta property=\"og:description\" content=\"Service der Bibliothek Leoben: Nutzen Sie die M\u00f6glichkeit, B\u00fccher und Spiele kontaktlos in der B\u00fccherei Leoben abzuholen.\" \/>\n<meta property=\"og:url\" content=\"https:\/\/kulturquartier.leoben.at\/en\/library\/click-collect\/\" \/>\n<meta property=\"og:site_name\" content=\"Kulturquartier\" \/>\n<meta property=\"article:modified_time\" content=\"2025-04-30T10:05:17+00:00\" \/>\n<meta property=\"og:image\" content=\"https:\/\/kulturquartier.leoben.at\/wp-content\/uploads\/sites\/4\/2021\/10\/Museum-Innenansicht-27-c-Foto-Freisinger.jpg\" \/>\n\t<meta property=\"og:image:width\" content=\"1600\" \/>\n\t<meta property=\"og:image:height\" content=\"1067\" \/>\n\t<meta property=\"og:image:type\" content=\"image\/jpeg\" \/>\n<meta name=\"twitter:card\" content=\"summary_large_image\" \/>\n<script type=\"application\/ld+json\" class=\"yoast-schema-graph\">{\"@context\":\"https:\/\/schema.org\",\"@graph\":[{\"@type\":\"WebPage\",\"@id\":\"https:\/\/kulturquartier.leoben.at\/en\/library\/click-collect\/\",\"url\":\"https:\/\/kulturquartier.leoben.at\/en\/library\/click-collect\/\",\"name\":\"\\\"Click &amp; Collect\u201d-Service - Kulturquartier\",\"isPartOf\":{\"@id\":\"https:\/\/kulturquartier.leoben.at\/en\/#website\"},\"datePublished\":\"2021-11-26T10:17:03+00:00\",\"dateModified\":\"2025-04-30T10:05:17+00:00\",\"description\":\"Service der Bibliothek Leoben: Nutzen Sie die M\u00f6glichkeit, B\u00fccher und Spiele kontaktlos in der B\u00fccherei Leoben abzuholen.\",\"breadcrumb\":{\"@id\":\"https:\/\/kulturquartier.leoben.at\/en\/library\/click-collect\/#breadcrumb\"},\"inLanguage\":\"en-US\",\"potentialAction\":[{\"@type\":\"ReadAction\",\"target\":[\"https:\/\/kulturquartier.leoben.at\/en\/library\/click-collect\/\"]}]},{\"@type\":\"BreadcrumbList\",\"@id\":\"https:\/\/kulturquartier.leoben.at\/en\/library\/click-collect\/#breadcrumb\",\"itemListElement\":[{\"@type\":\"ListItem\",\"position\":1,\"name\":\"Startseite\",\"item\":\"https:\/\/kulturquartier.leoben.at\/en\/\"},{\"@type\":\"ListItem\",\"position\":2,\"name\":\"Leoben Public Library\",\"item\":\"https:\/\/kulturquartier.leoben.at\/en\/library\/\"},{\"@type\":\"ListItem\",\"position\":3,\"name\":\"\u201eClick &amp; Collect\u201d-Service\"}]},{\"@type\":\"WebSite\",\"@id\":\"https:\/\/kulturquartier.leoben.at\/en\/#website\",\"url\":\"https:\/\/kulturquartier.leoben.at\/en\/\",\"name\":\"Kulturquartier\",\"description\":\"\",\"potentialAction\":[{\"@type\":\"SearchAction\",\"target\":{\"@type\":\"EntryPoint\",\"urlTemplate\":\"https:\/\/kulturquartier.leoben.at\/en\/?s={search_term_string}\"},\"query-input\":{\"@type\":\"PropertyValueSpecification\",\"valueRequired\":true,\"valueName\":\"search_term_string\"}}],\"inLanguage\":\"en-US\"}]}<\/script>\n<!-- \/ Yoast SEO plugin. -->","yoast_head_json":{"title":"\"Click &amp; Collect\u201d-Service - Kulturquartier","description":"Service der Bibliothek Leoben: Nutzen Sie die M\u00f6glichkeit, B\u00fccher und Spiele kontaktlos in der B\u00fccherei Leoben abzuholen.","robots":{"index":"index","follow":"follow","max-snippet":"max-snippet:-1","max-image-preview":"max-image-preview:large","max-video-preview":"max-video-preview:-1"},"canonical":"https:\/\/kulturquartier.leoben.at\/en\/library\/click-collect\/","og_locale":"en_US","og_type":"article","og_title":"\"Click &amp; Collect\u201d-Service - Kulturquartier","og_description":"Service der Bibliothek Leoben: Nutzen Sie die M\u00f6glichkeit, B\u00fccher und Spiele kontaktlos in der B\u00fccherei Leoben abzuholen.","og_url":"https:\/\/kulturquartier.leoben.at\/en\/library\/click-collect\/","og_site_name":"Kulturquartier","article_modified_time":"2025-04-30T10:05:17+00:00","og_image":[{"width":1600,"height":1067,"url":"https:\/\/kulturquartier.leoben.at\/wp-content\/uploads\/sites\/4\/2021\/10\/Museum-Innenansicht-27-c-Foto-Freisinger.jpg","type":"image\/jpeg"}],"twitter_card":"summary_large_image","schema":{"@context":"https:\/\/schema.org","@graph":[{"@type":"WebPage","@id":"https:\/\/kulturquartier.leoben.at\/en\/library\/click-collect\/","url":"https:\/\/kulturquartier.leoben.at\/en\/library\/click-collect\/","name":"\"Click &amp; Collect\u201d-Service - Kulturquartier","isPartOf":{"@id":"https:\/\/kulturquartier.leoben.at\/en\/#website"},"datePublished":"2021-11-26T10:17:03+00:00","dateModified":"2025-04-30T10:05:17+00:00","description":"Service der Bibliothek Leoben: Nutzen Sie die M\u00f6glichkeit, B\u00fccher und Spiele kontaktlos in der B\u00fccherei Leoben abzuholen.","breadcrumb":{"@id":"https:\/\/kulturquartier.leoben.at\/en\/library\/click-collect\/#breadcrumb"},"inLanguage":"en-US","potentialAction":[{"@type":"ReadAction","target":["https:\/\/kulturquartier.leoben.at\/en\/library\/click-collect\/"]}]},{"@type":"BreadcrumbList","@id":"https:\/\/kulturquartier.leoben.at\/en\/library\/click-collect\/#breadcrumb","itemListElement":[{"@type":"ListItem","position":1,"name":"Startseite","item":"https:\/\/kulturquartier.leoben.at\/en\/"},{"@type":"ListItem","position":2,"name":"Leoben Public Library","item":"https:\/\/kulturquartier.leoben.at\/en\/library\/"},{"@type":"ListItem","position":3,"name":"\u201eClick &amp; Collect\u201d-Service"}]},{"@type":"WebSite","@id":"https:\/\/kulturquartier.leoben.at\/en\/#website","url":"https:\/\/kulturquartier.leoben.at\/en\/","name":"Kulturquartier","description":"","potentialAction":[{"@type":"SearchAction","target":{"@type":"EntryPoint","urlTemplate":"https:\/\/kulturquartier.leoben.at\/en\/?s={search_term_string}"},"query-input":{"@type":"PropertyValueSpecification","valueRequired":true,"valueName":"search_term_string"}}],"inLanguage":"en-US"}]}},"_links":{"self":[{"href":"https:\/\/kulturquartier.leoben.at\/en\/wp-json\/wp\/v2\/pages\/25886","targetHints":{"allow":["GET"]}}],"collection":[{"href":"https:\/\/kulturquartier.leoben.at\/en\/wp-json\/wp\/v2\/pages"}],"about":[{"href":"https:\/\/kulturquartier.leoben.at\/en\/wp-json\/wp\/v2\/types\/page"}],"author":[{"embeddable":true,"href":"https:\/\/kulturquartier.leoben.at\/en\/wp-json\/wp\/v2\/users\/2"}],"replies":[{"embeddable":true,"href":"https:\/\/kulturquartier.leoben.at\/en\/wp-json\/wp\/v2\/comments?post=25886"}],"version-history":[{"count":6,"href":"https:\/\/kulturquartier.leoben.at\/en\/wp-json\/wp\/v2\/pages\/25886\/revisions"}],"predecessor-version":[{"id":33533,"href":"https:\/\/kulturquartier.leoben.at\/en\/wp-json\/wp\/v2\/pages\/25886\/revisions\/33533"}],"up":[{"embeddable":true,"href":"https:\/\/kulturquartier.leoben.at\/en\/wp-json\/wp\/v2\/pages\/24980"}],"wp:attachment":[{"href":"https:\/\/kulturquartier.leoben.at\/en\/wp-json\/wp\/v2\/media?parent=25886"}],"curies":[{"name":"wp","href":"https:\/\/api.w.org\/{rel}","templated":true}]}}